{"id":183,"date":"2016-02-04T15:18:35","date_gmt":"2016-02-04T13:18:35","guid":{"rendered":"http:\/\/www2.dr-wakolbinger.at\/?page_id=183"},"modified":"2021-07-10T12:04:59","modified_gmt":"2021-07-10T10:04:59","slug":"allgemeine-informationen","status":"publish","type":"page","link":"https:\/\/www2.dr-wakolbinger.at\/?page_id=183","title":{"rendered":"Allgemeine Informationen"},"content":{"rendered":"<p><strong>Barrierefreiheit<\/strong><\/p>\n<ul>\n<li>Unsere Ordination ist barrierefrei \u00fcber eine Zugangsrampe zu erreichen<br \/>\nAchtung: falls sie beim Verlassen der Ordination (Rampe bergauf) Hilfe ben\u00f6tigen melden sie sich bitte beim Ordinationteam!<\/li>\n<li>Alle Zug\u00e4nge sind ausreichend breit f\u00fcr \u00a0R\u00f6llst\u00fchle<\/li>\n<li>Es ist ein Behindertenparkplatz vorhanden<\/li>\n<li>Das WC ist behindertengerecht ausgestattet.<\/li>\n<\/ul>\n<p><strong>Fremdsprachenkentnisse:<\/strong><\/p>\n<ul>\n<li>Deutsch<\/li>\n<li>Englisch<\/li>\n<\/ul>\n<p><strong>Zusatzausbildungen und Diplome:<\/strong><\/p>\n<ul>\n<li>Manualtherapie<\/li>\n<li>Akupunktur<\/li>\n<li>Integrative Kurmedizin<\/li>\n<li>Notarztdiplom<\/li>\n<li>DFP-Diplom<\/li>\n<li>Raucherentw\u00f6hnung<\/li>\n<li>Spirometrie &#8211; Lungenfunktionsmessung<\/li>\n<li>24-Stunden-Blutdruckmessung<\/li>\n<\/ul>\n","protected":false},"excerpt":{"rendered":"<p>Barrierefreiheit Unsere Ordination ist barrierefrei \u00fcber eine Zugangsrampe zu erreichen Achtung: falls sie beim Verlassen der Ordination (Rampe bergauf) Hilfe ben\u00f6tigen melden sie sich bitte beim Ordinationteam! Alle Zug\u00e4nge sind ausreichend breit f\u00fcr \u00a0R\u00f6llst\u00fchle Es ist ein Behindertenparkplatz vorhanden Das &hellip;<\/p>\n<p class=\"read-more\"> <a class=\"more-link\" href=\"https:\/\/www2.dr-wakolbinger.at\/?page_id=183\"> <span class=\"screen-reader-text\">Allgemeine Informationen<\/span> Weiterlesen &raquo;<\/a><\/p>\n","protected":false},"author":1,"featured_media":0,"parent":0,"menu_order":0,"comment_status":"closed","ping_status":"closed","template":"","meta":{"footnotes":""},"class_list":["post-183","page","type-page","status-publish","hentry"],"_links":{"self":[{"href":"https:\/\/www2.dr-wakolbinger.at\/index.php?rest_route=\/wp\/v2\/pages\/183","targetHints":{"allow":["GET"]}}],"collection":[{"href":"https:\/\/www2.dr-wakolbinger.at\/index.php?rest_route=\/wp\/v2\/pages"}],"about":[{"href":"https:\/\/www2.dr-wakolbinger.at\/index.php?rest_route=\/wp\/v2\/types\/page"}],"author":[{"embeddable":true,"href":"https:\/\/www2.dr-wakolbinger.at\/index.php?rest_route=\/wp\/v2\/users\/1"}],"replies":[{"embeddable":true,"href":"https:\/\/www2.dr-wakolbinger.at\/index.php?rest_route=%2Fwp%2Fv2%2Fcomments&post=183"}],"version-history":[{"count":5,"href":"https:\/\/www2.dr-wakolbinger.at\/index.php?rest_route=\/wp\/v2\/pages\/183\/revisions"}],"predecessor-version":[{"id":484,"href":"https:\/\/www2.dr-wakolbinger.at\/index.php?rest_route=\/wp\/v2\/pages\/183\/revisions\/484"}],"wp:attachment":[{"href":"https:\/\/www2.dr-wakolbinger.at\/index.php?rest_route=%2Fwp%2Fv2%2Fmedia&parent=183"}],"curies":[{"name":"wp","href":"https:\/\/api.w.org\/{rel}","templated":true}]}}