{"id":34,"date":"2014-05-12T01:42:39","date_gmt":"2014-05-11T23:42:39","guid":{"rendered":"http:\/\/www2.dr-wakolbinger.at\/?page_id=34"},"modified":"2024-08-13T21:50:41","modified_gmt":"2024-08-13T19:50:41","slug":"neue-seite-1","status":"publish","type":"page","link":"https:\/\/www2.dr-wakolbinger.at\/","title":{"rendered":"Start"},"content":{"rendered":"\n<h2 class=\"wp-block-heading\">Herzlich Willkommen!<\/h2>\n\n\n\n<figure class=\"wp-block-image alignright\"><a class=\"fbx-link fbx-instance\" href=\"http:\/\/www2.dr-wakolbinger.at\/wp-content\/uploads\/2019\/03\/img_20190310_0949333845315262849978537.jpg\"><img loading=\"lazy\" decoding=\"async\" width=\"225\" height=\"300\" src=\"http:\/\/www2.dr-wakolbinger.at\/wp-content\/uploads\/2019\/03\/img_20190310_0949333845315262849978537-225x300.jpg\" alt=\"\" class=\"wp-image-376\" title=\"Ordination Dr. Wakolbinger\" srcset=\"https:\/\/www2.dr-wakolbinger.at\/wp-content\/uploads\/2019\/03\/img_20190310_0949333845315262849978537-225x300.jpg 225w, https:\/\/www2.dr-wakolbinger.at\/wp-content\/uploads\/2019\/03\/img_20190310_0949333845315262849978537-768x1024.jpg 768w, https:\/\/www2.dr-wakolbinger.at\/wp-content\/uploads\/2019\/03\/img_20190310_0949333845315262849978537-100x133.jpg 100w, https:\/\/www2.dr-wakolbinger.at\/wp-content\/uploads\/2019\/03\/img_20190310_0949333845315262849978537-150x200.jpg 150w, https:\/\/www2.dr-wakolbinger.at\/wp-content\/uploads\/2019\/03\/img_20190310_0949333845315262849978537-200x267.jpg 200w, https:\/\/www2.dr-wakolbinger.at\/wp-content\/uploads\/2019\/03\/img_20190310_0949333845315262849978537-300x400.jpg 300w, https:\/\/www2.dr-wakolbinger.at\/wp-content\/uploads\/2019\/03\/img_20190310_0949333845315262849978537-450x600.jpg 450w, https:\/\/www2.dr-wakolbinger.at\/wp-content\/uploads\/2019\/03\/img_20190310_0949333845315262849978537-600x800.jpg 600w, https:\/\/www2.dr-wakolbinger.at\/wp-content\/uploads\/2019\/03\/img_20190310_0949333845315262849978537-900x1200.jpg 900w\" sizes=\"auto, (max-width: 225px) 100vw, 225px\" \/><\/a><\/figure>\n\n\n\n<p>Herzlich Willkommen auf meiner Homepage! Seit 2014 bieten mein motiviertes Team und ich in einer modern eingerichteten Ordination neben dem breiten Spektrum der allgemeinmedizinschen Grundversorgung auch weitergehende Untersuchungsm\u00f6glichkeiten wie 24-Stunden-Blutdruckmessung oder Lungenfunktionsmessung an. Dar\u00fcber hinaus kommen auch komplement\u00e4rmedizinische Verfahren wie Akupunktur oder Manualmedizin zum Einsatz. Ein besonderer Focus liegt auch auf der Vorsorgemedizin mit Impfungen (nicht nur aber auch) im Rahmen von Mutter-Kind-Pass-Untersuchungen, Vorsorgeuntersuchungen, Strukturierte Diabetikerberatung &#8222;Therapie-Aktiv&#8220;, Raucherberatung usw. Durch unsere Hausapotheke k\u00f6nnen wir Ihnen den im Krankeitsfalle m\u00fchsamen Weg in die \u00f6ffentliche Apotheke ersparen und Sie vor Ort mit den n\u00f6tigen Medikamenten versorgen.<\/p>\n\n\n\n<p>Da unsere Kapazit\u00e4ten aber schon mehr als ausgelastet sind, ist es uns leider nicht m\u00f6glich neue Patienten aufzunehmen!<\/p>\n\n\n\n<p><\/p>\n\n\n\n<p><\/p>\n\n\n\n<p><\/p>\n\n\n\n<p>Dr. Dietmar Wakolbinger<\/p>\n\n\n\n<h3 class=\"wp-block-heading\">&nbsp;<\/h3>\n\n\n\n<p><strong>Ab 1.5.2023 gilt die offizielle Maskenpflicht in Ordinationen als beendet. Ich w\u00fcrde sie allerdings bitten in der Ordination insbesondere bei Infektionskrankheiten der Atemwege weiterhin Maske zu tragen!<\/strong><\/p>\n\n\n\n<p class=\"has-text-align-center\"><\/p>\n","protected":false},"excerpt":{"rendered":"<p>Herzlich Willkommen! Herzlich Willkommen auf meiner Homepage! Seit 2014 bieten mein motiviertes Team und ich in einer modern eingerichteten Ordination neben dem breiten Spektrum der allgemeinmedizinschen Grundversorgung auch weitergehende Untersuchungsm\u00f6glichkeiten wie 24-Stunden-Blutdruckmessung oder Lungenfunktionsmessung an. Dar\u00fcber hinaus kommen auch komplement\u00e4rmedizinische &hellip;<\/p>\n<p class=\"read-more\"> <a class=\"more-link\" href=\"https:\/\/www2.dr-wakolbinger.at\/\"> <span class=\"screen-reader-text\">Start<\/span> Weiterlesen &raquo;<\/a><\/p>\n","protected":false},"author":1,"featured_media":0,"parent":0,"menu_order":0,"comment_status":"closed","ping_status":"closed","template":"","meta":{"footnotes":""},"class_list":["post-34","page","type-page","status-publish","hentry"],"_links":{"self":[{"href":"https:\/\/www2.dr-wakolbinger.at\/index.php?rest_route=\/wp\/v2\/pages\/34","targetHints":{"allow":["GET"]}}],"collection":[{"href":"https:\/\/www2.dr-wakolbinger.at\/index.php?rest_route=\/wp\/v2\/pages"}],"about":[{"href":"https:\/\/www2.dr-wakolbinger.at\/index.php?rest_route=\/wp\/v2\/types\/page"}],"author":[{"embeddable":true,"href":"https:\/\/www2.dr-wakolbinger.at\/index.php?rest_route=\/wp\/v2\/users\/1"}],"replies":[{"embeddable":true,"href":"https:\/\/www2.dr-wakolbinger.at\/index.php?rest_route=%2Fwp%2Fv2%2Fcomments&post=34"}],"version-history":[{"count":41,"href":"https:\/\/www2.dr-wakolbinger.at\/index.php?rest_route=\/wp\/v2\/pages\/34\/revisions"}],"predecessor-version":[{"id":577,"href":"https:\/\/www2.dr-wakolbinger.at\/index.php?rest_route=\/wp\/v2\/pages\/34\/revisions\/577"}],"wp:attachment":[{"href":"https:\/\/www2.dr-wakolbinger.at\/index.php?rest_route=%2Fwp%2Fv2%2Fmedia&parent=34"}],"curies":[{"name":"wp","href":"https:\/\/api.w.org\/{rel}","templated":true}]}}